{"id":4717,"date":"2025-02-06T16:12:34","date_gmt":"2025-02-06T13:12:34","guid":{"rendered":"https:\/\/mlpetrokimya.com\/?page_id=4717"},"modified":"2025-02-09T22:35:43","modified_gmt":"2025-02-09T19:35:43","slug":"misyon-ve-vizyon","status":"publish","type":"page","link":"https:\/\/mlpetrokimya.com\/index.php\/misyon-ve-vizyon\/","title":{"rendered":"Misyon ve Vizyon"},"content":{"rendered":"\t\t<div data-elementor-type=\"wp-page\" data-elementor-id=\"4717\" class=\"elementor elementor-4717\" data-elementor-post-type=\"page\">\n\t\t\t\t\t\t<section class=\"elementor-section elementor-top-section elementor-element elementor-element-ee064f8 elementor-section-stretched elementor-section-content-middle elementor-section-boxed elementor-section-height-default elementor-section-height-default\" data-id=\"ee064f8\" data-element_type=\"section\" data-settings=\"{&quot;stretch_section&quot;:&quot;section-stretched&quot;}\">\n\t\t\t\t\t\t<div class=\"elementor-container elementor-column-gap-wider\">\n\t\t\t\t\t<div class=\"elementor-column elementor-col-50 elementor-top-column elementor-element elementor-element-e69a8be\" data-id=\"e69a8be\" data-element_type=\"column\">\n\t\t\t<div class=\"elementor-widget-wrap elementor-element-populated\">\n\t\t\t\t\t\t<section class=\"elementor-section elementor-inner-section elementor-element elementor-element-84de071 elementor-section-boxed elementor-section-height-default elementor-section-height-default\" data-id=\"84de071\" data-element_type=\"section\">\n\t\t\t\t\t\t<div class=\"elementor-container elementor-column-gap-wider\">\n\t\t\t\t\t<div class=\"elementor-column elementor-col-100 elementor-inner-column elementor-element elementor-element-7ad7d03\" data-id=\"7ad7d03\" data-element_type=\"column\">\n\t\t\t<div class=\"elementor-widget-wrap elementor-element-populated\">\n\t\t\t\t\t\t<div class=\"elementor-element elementor-element-ff72740 elementor-widget elementor-widget-spacer\" data-id=\"ff72740\" data-element_type=\"widget\" data-widget_type=\"spacer.default\">\n\t\t\t\t<div class=\"elementor-widget-container\">\n\t\t\t\t\t\t\t<div class=\"elementor-spacer\">\n\t\t\t<div class=\"elementor-spacer-inner\"><\/div>\n\t\t<\/div>\n\t\t\t\t\t\t<\/div>\n\t\t\t\t<\/div>\n\t\t\t\t<div class=\"elementor-element elementor-element-8f17ee1 elementor-widget elementor-widget-heading\" data-id=\"8f17ee1\" data-element_type=\"widget\" data-widget_type=\"heading.default\">\n\t\t\t\t<div class=\"elementor-widget-container\">\n\t\t\t\t\t<h4 class=\"elementor-heading-title elementor-size-default\"><h3><strong>Misyonumuz<\/strong><span style=\"color: var(--the7-h4-color);font-family: var( --e-global-typography-el_title_3-font-family ), Sans-serif;font-size: var( --e-global-typography-el_title_3-font-size );font-weight: var( --e-global-typography-el_title_3-font-weight );letter-spacing: var(--the7-h4-letter-spacing);text-transform: var( --e-global-typography-el_title_3-text-transform )\"><\/span><\/h3><\/h4>\t\t\t\t<\/div>\n\t\t\t\t<\/div>\n\t\t\t\t<div class=\"elementor-element elementor-element-3fcd8a9 elementor-widget elementor-widget-spacer\" data-id=\"3fcd8a9\" data-element_type=\"widget\" data-widget_type=\"spacer.default\">\n\t\t\t\t<div class=\"elementor-widget-container\">\n\t\t\t\t\t\t\t<div class=\"elementor-spacer\">\n\t\t\t<div class=\"elementor-spacer-inner\"><\/div>\n\t\t<\/div>\n\t\t\t\t\t\t<\/div>\n\t\t\t\t<\/div>\n\t\t\t\t<div class=\"elementor-element elementor-element-5f4f97d elementor-widget elementor-widget-text-editor\" data-id=\"5f4f97d\" data-element_type=\"widget\" data-widget_type=\"text-editor.default\">\n\t\t\t\t<div class=\"elementor-widget-container\">\n\t\t\t\t\t\t\t\t\t<p><h3><\/h3><\/p><p>ML Petrokimya Ltd. \u015eti. olarak, petrokimya sekt\u00f6r\u00fcnde s\u00fcrd\u00fcr\u00fclebilir, yenilik\u00e7i ve y\u00fcksek kaliteli \u00e7\u00f6z\u00fcmler sunarak m\u00fc\u015fterilerimize katma de\u011fer sa\u011flamay\u0131 ama\u00e7l\u0131yoruz. \u00c7evre dostu \u00fcretim anlay\u0131\u015f\u0131m\u0131z do\u011frultusunda, sanayinin ihtiya\u00e7 duydu\u011fu en kaliteli hammaddeleri tedarik ederken, uluslararas\u0131 standartlara uygun, g\u00fcvenilir ve verimli hizmet sunmaktay\u0131z. S\u00fcrekli geli\u015fen teknolojiyi yak\u0131ndan takip ederek, sekt\u00f6rde fark yaratan ve de\u011fer olu\u015fturan bir firma olmay\u0131 hedefliyoruz.<\/p>\t\t\t\t\t\t\t\t<\/div>\n\t\t\t\t<\/div>\n\t\t\t\t\t<\/div>\n\t\t<\/div>\n\t\t\t\t\t<\/div>\n\t\t<\/section>\n\t\t\t\t\t<\/div>\n\t\t<\/div>\n\t\t\t\t<div class=\"elementor-column elementor-col-50 elementor-top-column elementor-element elementor-element-96f019e\" data-id=\"96f019e\" data-element_type=\"column\">\n\t\t\t<div class=\"elementor-widget-wrap elementor-element-populated\">\n\t\t\t\t\t\t<div class=\"elementor-element elementor-element-3f63bd4 elementor-widget elementor-widget-image\" data-id=\"3f63bd4\" data-element_type=\"widget\" data-widget_type=\"image.default\">\n\t\t\t\t<div class=\"elementor-widget-container\">\n\t\t\t\t\t\t\t\t\t\t\t\t\t\t\t<img fetchpriority=\"high\" decoding=\"async\" width=\"1000\" height=\"561\" src=\"https:\/\/mlpetrokimya.com\/wp-content\/uploads\/2025\/02\/caecfe5e05.jpg\" class=\"attachment-large size-large wp-image-4755\" alt=\"\" srcset=\"https:\/\/mlpetrokimya.com\/wp-content\/uploads\/2025\/02\/caecfe5e05.jpg 1000w, https:\/\/mlpetrokimya.com\/wp-content\/uploads\/2025\/02\/caecfe5e05-300x168.jpg 300w, https:\/\/mlpetrokimya.com\/wp-content\/uploads\/2025\/02\/caecfe5e05-768x431.jpg 768w\" sizes=\"(max-width: 1000px) 100vw, 1000px\" \/>\t\t\t\t\t\t\t\t\t\t\t\t\t\t\t<\/div>\n\t\t\t\t<\/div>\n\t\t\t\t\t<\/div>\n\t\t<\/div>\n\t\t\t\t\t<\/div>\n\t\t<\/section>\n\t\t<div class=\"elementor-element elementor-element-2b8862a e-flex e-con-boxed e-con e-parent\" data-id=\"2b8862a\" data-element_type=\"container\">\n\t\t\t\t\t<div class=\"e-con-inner\">\n\t\t\t\t<div class=\"elementor-element elementor-element-729a84e elementor-widget elementor-widget-spacer\" data-id=\"729a84e\" data-element_type=\"widget\" data-widget_type=\"spacer.default\">\n\t\t\t\t<div class=\"elementor-widget-container\">\n\t\t\t\t\t\t\t<div class=\"elementor-spacer\">\n\t\t\t<div class=\"elementor-spacer-inner\"><\/div>\n\t\t<\/div>\n\t\t\t\t\t\t<\/div>\n\t\t\t\t<\/div>\n\t\t\t\t\t<\/div>\n\t\t\t\t<\/div>\n\t\t\t\t<section class=\"elementor-section elementor-top-section elementor-element elementor-element-9513dcc elementor-section-stretched elementor-section-content-middle elementor-section-boxed elementor-section-height-default elementor-section-height-default\" data-id=\"9513dcc\" data-element_type=\"section\" data-settings=\"{&quot;stretch_section&quot;:&quot;section-stretched&quot;}\">\n\t\t\t\t\t\t<div class=\"elementor-container elementor-column-gap-wider\">\n\t\t\t\t\t<div class=\"elementor-column elementor-col-50 elementor-top-column elementor-element elementor-element-faa0031\" data-id=\"faa0031\" data-element_type=\"column\">\n\t\t\t<div class=\"elementor-widget-wrap elementor-element-populated\">\n\t\t\t\t\t\t<section class=\"elementor-section elementor-inner-section elementor-element elementor-element-06e514d elementor-section-boxed elementor-section-height-default elementor-section-height-default\" data-id=\"06e514d\" data-element_type=\"section\">\n\t\t\t\t\t\t<div class=\"elementor-container elementor-column-gap-wider\">\n\t\t\t\t\t<div class=\"elementor-column elementor-col-100 elementor-inner-column elementor-element elementor-element-64e1953\" data-id=\"64e1953\" data-element_type=\"column\">\n\t\t\t<div class=\"elementor-widget-wrap elementor-element-populated\">\n\t\t\t\t\t\t<div class=\"elementor-element elementor-element-45b7fc4 elementor-widget elementor-widget-spacer\" data-id=\"45b7fc4\" data-element_type=\"widget\" data-widget_type=\"spacer.default\">\n\t\t\t\t<div class=\"elementor-widget-container\">\n\t\t\t\t\t\t\t<div class=\"elementor-spacer\">\n\t\t\t<div class=\"elementor-spacer-inner\"><\/div>\n\t\t<\/div>\n\t\t\t\t\t\t<\/div>\n\t\t\t\t<\/div>\n\t\t\t\t<div class=\"elementor-element elementor-element-f73eb59 elementor-widget elementor-widget-image\" data-id=\"f73eb59\" data-element_type=\"widget\" data-widget_type=\"image.default\">\n\t\t\t\t<div class=\"elementor-widget-container\">\n\t\t\t\t\t\t\t\t\t\t\t\t\t\t\t<img decoding=\"async\" width=\"1000\" height=\"561\" src=\"https:\/\/mlpetrokimya.com\/wp-content\/uploads\/2025\/02\/410dcfc8e8.jpg\" class=\"attachment-large size-large wp-image-4756\" alt=\"\" srcset=\"https:\/\/mlpetrokimya.com\/wp-content\/uploads\/2025\/02\/410dcfc8e8.jpg 1000w, https:\/\/mlpetrokimya.com\/wp-content\/uploads\/2025\/02\/410dcfc8e8-300x168.jpg 300w, https:\/\/mlpetrokimya.com\/wp-content\/uploads\/2025\/02\/410dcfc8e8-768x431.jpg 768w\" sizes=\"(max-width: 1000px) 100vw, 1000px\" \/>\t\t\t\t\t\t\t\t\t\t\t\t\t\t\t<\/div>\n\t\t\t\t<\/div>\n\t\t\t\t<div class=\"elementor-element elementor-element-017357f elementor-widget elementor-widget-spacer\" data-id=\"017357f\" data-element_type=\"widget\" data-widget_type=\"spacer.default\">\n\t\t\t\t<div class=\"elementor-widget-container\">\n\t\t\t\t\t\t\t<div class=\"elementor-spacer\">\n\t\t\t<div class=\"elementor-spacer-inner\"><\/div>\n\t\t<\/div>\n\t\t\t\t\t\t<\/div>\n\t\t\t\t<\/div>\n\t\t\t\t\t<\/div>\n\t\t<\/div>\n\t\t\t\t\t<\/div>\n\t\t<\/section>\n\t\t\t\t\t<\/div>\n\t\t<\/div>\n\t\t\t\t<div class=\"elementor-column elementor-col-50 elementor-top-column elementor-element elementor-element-02acc51\" data-id=\"02acc51\" data-element_type=\"column\">\n\t\t\t<div class=\"elementor-widget-wrap elementor-element-populated\">\n\t\t\t\t\t\t<div class=\"elementor-element elementor-element-b8d6c73 elementor-widget elementor-widget-heading\" data-id=\"b8d6c73\" data-element_type=\"widget\" data-widget_type=\"heading.default\">\n\t\t\t\t<div class=\"elementor-widget-container\">\n\t\t\t\t\t<h4 class=\"elementor-heading-title elementor-size-default\"><h3><strong>Vizyonumuz<\/strong><span style=\"color: var(--the7-h4-color);font-family: var( --e-global-typography-el_title_3-font-family ), Sans-serif;font-size: var( --e-global-typography-el_title_3-font-size );font-weight: var( --e-global-typography-el_title_3-font-weight );letter-spacing: var(--the7-h4-letter-spacing);text-transform: var( --e-global-typography-el_title_3-text-transform )\"><\/span><\/h3><\/h4>\t\t\t\t<\/div>\n\t\t\t\t<\/div>\n\t\t\t\t<div class=\"elementor-element elementor-element-8fcd8c6 elementor-widget elementor-widget-text-editor\" data-id=\"8fcd8c6\" data-element_type=\"widget\" data-widget_type=\"text-editor.default\">\n\t\t\t\t<div class=\"elementor-widget-container\">\n\t\t\t\t\t\t\t\t\t<div class=\"flex max-w-full flex-col flex-grow\"><div class=\"min-h-8 text-message flex w-full flex-col items-end gap-2 whitespace-normal break-words text-start [.text-message+&amp;]:mt-5\" dir=\"auto\" data-message-author-role=\"assistant\" data-message-id=\"cf1d7996-8a40-4f8e-b9b4-8f2ba215e3fd\" data-message-model-slug=\"gpt-4o\"><div class=\"flex w-full flex-col gap-1 empty:hidden first:pt-[3px]\"><div class=\"markdown prose w-full break-words dark:prose-invert light\"><p>Petrokimya sekt\u00f6r\u00fcnde \u00f6nc\u00fc ve k\u00fcresel \u00f6l\u00e7ekte sayg\u0131n bir marka olma hedefiyle hareket etmekteyiz. Ar-Ge yat\u0131r\u0131mlar\u0131m\u0131z\u0131 s\u00fcrekli art\u0131rarak s\u00fcrd\u00fcr\u00fclebilir \u00fcretim \u00e7\u00f6z\u00fcmleri geli\u015ftirmek, yenilik\u00e7i teknolojilerle sekt\u00f6re y\u00f6n vermek ve m\u00fc\u015fteri memnuniyetini en \u00fcst d\u00fczeye \u00e7\u0131karmak temel \u00f6nceliklerimiz aras\u0131ndad\u0131r. \u00c7evresel sorumluluk bilinciyle hareket eden, etik de\u011ferlere ba\u011fl\u0131 ve yenilik\u00e7i yakla\u015f\u0131m\u0131yla fark yaratan bir kurulu\u015f olarak, sekt\u00f6rde en g\u00fcvenilir i\u015f orta\u011f\u0131 olmay\u0131 vizyonumuz olarak benimsiyoruz.<\/p><\/div><\/div><\/div><\/div>\t\t\t\t\t\t\t\t<\/div>\n\t\t\t\t<\/div>\n\t\t\t\t\t<\/div>\n\t\t<\/div>\n\t\t\t\t\t<\/div>\n\t\t<\/section>\n\t\t\t\t<\/div>\n\t\t","protected":false},"excerpt":{"rendered":"<p>Misyonumuz ML Petrokimya Ltd. \u015eti. olarak, petrokimya sekt\u00f6r\u00fcnde s\u00fcrd\u00fcr\u00fclebilir, yenilik\u00e7i ve y\u00fcksek kaliteli \u00e7\u00f6z\u00fcmler sunarak m\u00fc\u015fterilerimize katma de\u011fer sa\u011flamay\u0131 ama\u00e7l\u0131yoruz. \u00c7evre dostu \u00fcretim anlay\u0131\u015f\u0131m\u0131z do\u011frultusunda, sanayinin ihtiya\u00e7 duydu\u011fu en kaliteli hammaddeleri tedarik ederken, uluslararas\u0131 standartlara uygun, g\u00fcvenilir ve verimli hizmet sunmaktay\u0131z. S\u00fcrekli geli\u015fen teknolojiyi yak\u0131ndan takip ederek, sekt\u00f6rde fark yaratan ve de\u011fer olu\u015fturan bir firma&hellip;<\/p>\n","protected":false},"author":1,"featured_media":0,"parent":0,"menu_order":0,"comment_status":"closed","ping_status":"closed","template":"","meta":{"footnotes":""},"class_list":["post-4717","page","type-page","status-publish","hentry"],"_links":{"self":[{"href":"https:\/\/mlpetrokimya.com\/index.php\/wp-json\/wp\/v2\/pages\/4717","targetHints":{"allow":["GET"]}}],"collection":[{"href":"https:\/\/mlpetrokimya.com\/index.php\/wp-json\/wp\/v2\/pages"}],"about":[{"href":"https:\/\/mlpetrokimya.com\/index.php\/wp-json\/wp\/v2\/types\/page"}],"author":[{"embeddable":true,"href":"https:\/\/mlpetrokimya.com\/index.php\/wp-json\/wp\/v2\/users\/1"}],"replies":[{"embeddable":true,"href":"https:\/\/mlpetrokimya.com\/index.php\/wp-json\/wp\/v2\/comments?post=4717"}],"version-history":[{"count":10,"href":"https:\/\/mlpetrokimya.com\/index.php\/wp-json\/wp\/v2\/pages\/4717\/revisions"}],"predecessor-version":[{"id":4759,"href":"https:\/\/mlpetrokimya.com\/index.php\/wp-json\/wp\/v2\/pages\/4717\/revisions\/4759"}],"wp:attachment":[{"href":"https:\/\/mlpetrokimya.com\/index.php\/wp-json\/wp\/v2\/media?parent=4717"}],"curies":[{"name":"wp","href":"https:\/\/api.w.org\/{rel}","templated":true}]}}