{"id":4728,"date":"2025-02-06T16:18:54","date_gmt":"2025-02-06T13:18:54","guid":{"rendered":"https:\/\/mlpetrokimya.com\/?page_id=4728"},"modified":"2025-02-09T22:38:54","modified_gmt":"2025-02-09T19:38:54","slug":"kalite-politikamiz","status":"publish","type":"page","link":"https:\/\/mlpetrokimya.com\/index.php\/kalite-politikamiz\/","title":{"rendered":"Kalite Politikam\u0131z"},"content":{"rendered":"\t\t<div data-elementor-type=\"wp-page\" data-elementor-id=\"4728\" class=\"elementor elementor-4728\" data-elementor-post-type=\"page\">\n\t\t\t\t\t\t<section class=\"elementor-section elementor-top-section elementor-element elementor-element-689644e elementor-section-stretched elementor-section-content-middle elementor-section-boxed elementor-section-height-default elementor-section-height-default\" data-id=\"689644e\" data-element_type=\"section\" data-settings=\"{&quot;stretch_section&quot;:&quot;section-stretched&quot;}\">\n\t\t\t\t\t\t<div class=\"elementor-container elementor-column-gap-wider\">\n\t\t\t\t\t<div class=\"elementor-column elementor-col-100 elementor-top-column elementor-element elementor-element-57f387c\" data-id=\"57f387c\" data-element_type=\"column\">\n\t\t\t<div class=\"elementor-widget-wrap elementor-element-populated\">\n\t\t\t\t\t\t<div class=\"elementor-element elementor-element-22f0cb9 elementor-widget elementor-widget-heading\" data-id=\"22f0cb9\" data-element_type=\"widget\" data-widget_type=\"heading.default\">\n\t\t\t\t<div class=\"elementor-widget-container\">\n\t\t\t\t\t<h4 class=\"elementor-heading-title elementor-size-default\"><h3><strong>Kalite Politikam\u0131z<\/strong><span style=\"color: var(--the7-h4-color);font-family: var( --e-global-typography-el_title_3-font-family ), Sans-serif;font-size: var( --e-global-typography-el_title_3-font-size );font-weight: var( --e-global-typography-el_title_3-font-weight );letter-spacing: var(--the7-h4-letter-spacing);text-transform: var( --e-global-typography-el_title_3-text-transform )\"><\/span><\/h3><\/h4>\t\t\t\t<\/div>\n\t\t\t\t<\/div>\n\t\t\t\t<div class=\"elementor-element elementor-element-b8da072 elementor-widget elementor-widget-text-editor\" data-id=\"b8da072\" data-element_type=\"widget\" data-widget_type=\"text-editor.default\">\n\t\t\t\t<div class=\"elementor-widget-container\">\n\t\t\t\t\t\t\t\t\t<h3>\u00a0<\/h3><p>ML Petrokimya Ltd. \u015eti. olarak, petrokimya sekt\u00f6r\u00fcnde uluslararas\u0131 kalite standartlar\u0131na uygun, g\u00fcvenilir ve s\u00fcrd\u00fcr\u00fclebilir \u00fcretim anlay\u0131\u015f\u0131n\u0131 benimsemekteyiz. M\u00fc\u015fteri memnuniyetini en \u00fcst seviyeye \u00e7\u0131karmak, \u00e7evre dostu \u00fcretim s\u00fcre\u00e7leriyle sekt\u00f6re de\u011fer katmak ve s\u00fcrekli geli\u015fimi destekleyen yenilik\u00e7i \u00e7\u00f6z\u00fcmler sunmak kalite politikam\u0131z\u0131n temelini olu\u015fturmaktad\u0131r.<\/p><p>Bu do\u011frultuda;<\/p><ul><li><strong>S\u00fcrd\u00fcr\u00fclebilir ve \u00e7evre dostu \u00fcretim<\/strong> anlay\u0131\u015f\u0131n\u0131 benimseyerek do\u011fal kaynaklar\u0131 verimli kullan\u0131yoruz.<\/li><li><strong>Ar-Ge ve inovasyona yat\u0131r\u0131m yaparak<\/strong> sekt\u00f6rde fark yaratan teknolojiler geli\u015ftiriyoruz.<\/li><li><strong>Uluslararas\u0131 kalite standartlar\u0131na<\/strong> uygun \u00fcretim s\u00fcre\u00e7leriyle, g\u00fcvenilir ve y\u00fcksek performansl\u0131 \u00fcr\u00fcnler sunuyoruz.<\/li><li><strong>M\u00fc\u015fteri odakl\u0131 yakla\u015f\u0131m\u0131m\u0131zla<\/strong>, ihtiya\u00e7lara h\u0131zl\u0131 ve etkin \u00e7\u00f6z\u00fcmler \u00fcretiyor, uzun vadeli i\u015f ortakl\u0131klar\u0131 kurmay\u0131 hedefliyoruz.<\/li><li><strong>\u00c7al\u0131\u015fanlar\u0131m\u0131z\u0131n geli\u015fimini destekleyerek<\/strong>, i\u015f sa\u011fl\u0131\u011f\u0131 ve g\u00fcvenli\u011fi standartlar\u0131n\u0131 en \u00fcst seviyede tutuyoruz.<\/li><\/ul><p>ML Petrokimya, kalite odakl\u0131 yakla\u015f\u0131m\u0131yla sekt\u00f6rdeki lider konumunu g\u00fc\u00e7lendirmeye devam edecek ve m\u00fc\u015fterilerine en iyi hizmeti sunma taahh\u00fcd\u00fcn\u00fc s\u00fcrd\u00fcrecektir.<\/p>\t\t\t\t\t\t\t\t<\/div>\n\t\t\t\t<\/div>\n\t\t\t\t<div class=\"elementor-element elementor-element-f4875c3 elementor-widget elementor-widget-image\" data-id=\"f4875c3\" data-element_type=\"widget\" data-widget_type=\"image.default\">\n\t\t\t\t<div class=\"elementor-widget-container\">\n\t\t\t\t\t\t\t\t\t\t\t\t\t\t\t<img fetchpriority=\"high\" decoding=\"async\" width=\"1000\" height=\"561\" src=\"https:\/\/mlpetrokimya.com\/wp-content\/uploads\/2025\/02\/caecfe5e05.jpg\" class=\"attachment-large size-large wp-image-4755\" alt=\"\" srcset=\"https:\/\/mlpetrokimya.com\/wp-content\/uploads\/2025\/02\/caecfe5e05.jpg 1000w, https:\/\/mlpetrokimya.com\/wp-content\/uploads\/2025\/02\/caecfe5e05-300x168.jpg 300w, https:\/\/mlpetrokimya.com\/wp-content\/uploads\/2025\/02\/caecfe5e05-768x431.jpg 768w\" sizes=\"(max-width: 1000px) 100vw, 1000px\" \/>\t\t\t\t\t\t\t\t\t\t\t\t\t\t\t<\/div>\n\t\t\t\t<\/div>\n\t\t\t\t\t<\/div>\n\t\t<\/div>\n\t\t\t\t\t<\/div>\n\t\t<\/section>\n\t\t\t\t<\/div>\n\t\t","protected":false},"excerpt":{"rendered":"<p>Kalite Politikam\u0131z \u00a0 ML Petrokimya Ltd. \u015eti. olarak, petrokimya sekt\u00f6r\u00fcnde uluslararas\u0131 kalite standartlar\u0131na uygun, g\u00fcvenilir ve s\u00fcrd\u00fcr\u00fclebilir \u00fcretim anlay\u0131\u015f\u0131n\u0131 benimsemekteyiz. M\u00fc\u015fteri memnuniyetini en \u00fcst seviyeye \u00e7\u0131karmak, \u00e7evre dostu \u00fcretim s\u00fcre\u00e7leriyle sekt\u00f6re de\u011fer katmak ve s\u00fcrekli geli\u015fimi destekleyen yenilik\u00e7i \u00e7\u00f6z\u00fcmler sunmak kalite politikam\u0131z\u0131n temelini olu\u015fturmaktad\u0131r. Bu do\u011frultuda; S\u00fcrd\u00fcr\u00fclebilir ve \u00e7evre dostu \u00fcretim anlay\u0131\u015f\u0131n\u0131 benimseyerek do\u011fal kaynaklar\u0131&hellip;<\/p>\n","protected":false},"author":1,"featured_media":0,"parent":0,"menu_order":0,"comment_status":"closed","ping_status":"closed","template":"","meta":{"footnotes":""},"class_list":["post-4728","page","type-page","status-publish","hentry"],"_links":{"self":[{"href":"https:\/\/mlpetrokimya.com\/index.php\/wp-json\/wp\/v2\/pages\/4728","targetHints":{"allow":["GET"]}}],"collection":[{"href":"https:\/\/mlpetrokimya.com\/index.php\/wp-json\/wp\/v2\/pages"}],"about":[{"href":"https:\/\/mlpetrokimya.com\/index.php\/wp-json\/wp\/v2\/types\/page"}],"author":[{"embeddable":true,"href":"https:\/\/mlpetrokimya.com\/index.php\/wp-json\/wp\/v2\/users\/1"}],"replies":[{"embeddable":true,"href":"https:\/\/mlpetrokimya.com\/index.php\/wp-json\/wp\/v2\/comments?post=4728"}],"version-history":[{"count":10,"href":"https:\/\/mlpetrokimya.com\/index.php\/wp-json\/wp\/v2\/pages\/4728\/revisions"}],"predecessor-version":[{"id":4768,"href":"https:\/\/mlpetrokimya.com\/index.php\/wp-json\/wp\/v2\/pages\/4728\/revisions\/4768"}],"wp:attachment":[{"href":"https:\/\/mlpetrokimya.com\/index.php\/wp-json\/wp\/v2\/media?parent=4728"}],"curies":[{"name":"wp","href":"https:\/\/api.w.org\/{rel}","templated":true}]}}