{"id":4730,"date":"2025-02-06T16:19:12","date_gmt":"2025-02-06T13:19:12","guid":{"rendered":"https:\/\/mlpetrokimya.com\/?page_id=4730"},"modified":"2025-02-09T22:42:20","modified_gmt":"2025-02-09T19:42:20","slug":"cevre-politikamiz","status":"publish","type":"page","link":"https:\/\/mlpetrokimya.com\/index.php\/cevre-politikamiz\/","title":{"rendered":"\u00c7evre Politikam\u0131z"},"content":{"rendered":"\t\t<div data-elementor-type=\"wp-page\" data-elementor-id=\"4730\" class=\"elementor elementor-4730\" data-elementor-post-type=\"page\">\n\t\t\t\t\t\t<section class=\"elementor-section elementor-top-section elementor-element elementor-element-91a0016 elementor-section-stretched elementor-section-content-middle elementor-section-boxed elementor-section-height-default elementor-section-height-default\" data-id=\"91a0016\" data-element_type=\"section\" data-settings=\"{&quot;stretch_section&quot;:&quot;section-stretched&quot;}\">\n\t\t\t\t\t\t<div class=\"elementor-container elementor-column-gap-wider\">\n\t\t\t\t\t<div class=\"elementor-column elementor-col-100 elementor-top-column elementor-element elementor-element-9f8588e\" data-id=\"9f8588e\" data-element_type=\"column\">\n\t\t\t<div class=\"elementor-widget-wrap elementor-element-populated\">\n\t\t\t\t\t\t<div class=\"elementor-element elementor-element-9c71692 elementor-widget elementor-widget-heading\" data-id=\"9c71692\" data-element_type=\"widget\" data-widget_type=\"heading.default\">\n\t\t\t\t<div class=\"elementor-widget-container\">\n\t\t\t\t\t<h4 class=\"elementor-heading-title elementor-size-default\"><h3><strong>\u00c7evre Politikam\u0131z\n<\/strong><span style=\"color: var(--the7-h4-color);font-family: var( --e-global-typography-el_title_3-font-family ), Sans-serif;font-size: var( --e-global-typography-el_title_3-font-size );font-weight: var( --e-global-typography-el_title_3-font-weight );letter-spacing: var(--the7-h4-letter-spacing);text-transform: var( --e-global-typography-el_title_3-text-transform )\"><\/span><\/h3><\/h4>\t\t\t\t<\/div>\n\t\t\t\t<\/div>\n\t\t\t\t<div class=\"elementor-element elementor-element-749c74e elementor-widget elementor-widget-text-editor\" data-id=\"749c74e\" data-element_type=\"widget\" data-widget_type=\"text-editor.default\">\n\t\t\t\t<div class=\"elementor-widget-container\">\n\t\t\t\t\t\t\t\t\t<p>ML Petrokimya Ltd. \u015eti. olarak, s\u00fcrd\u00fcr\u00fclebilirlik ilkesini temel alarak \u00e7evre dostu \u00fcretim anlay\u0131\u015f\u0131n\u0131 benimsemekteyiz. \u00c7evresel sorumluluk bilinciyle hareket ederek, do\u011fal kaynaklar\u0131 verimli kullanmay\u0131, ekolojik dengeyi korumay\u0131 ve \u00e7evresel etkileri en aza indiren \u00fcretim s\u00fcre\u00e7leri geli\u015ftirmeyi taahh\u00fct etmekteyiz.<\/p><p>Bu do\u011frultuda;<\/p><ul><li><strong>Enerji ve do\u011fal kaynaklar\u0131 verimli kullanarak<\/strong> \u00e7evresel s\u00fcrd\u00fcr\u00fclebilirli\u011fi destekliyoruz.<\/li><li><strong>At\u0131k y\u00f6netimi ve geri d\u00f6n\u00fc\u015f\u00fcm uygulamalar\u0131na \u00f6nem vererek<\/strong> \u00e7evreye duyarl\u0131 \u00fcretim ger\u00e7ekle\u015ftiriyoruz.<\/li><li><strong>Ar-Ge yat\u0131r\u0131mlar\u0131m\u0131zla<\/strong> d\u00fc\u015f\u00fck karbon sal\u0131n\u0131m\u0131 ve \u00e7evre dostu teknolojiler geli\u015ftirmeye odaklan\u0131yoruz.<\/li><li><strong>\u00c7al\u0131\u015fanlar\u0131m\u0131z ve i\u015f ortaklar\u0131m\u0131z i\u00e7in \u00e7evre bilincini art\u0131ran e\u011fitim ve fark\u0131ndal\u0131k programlar\u0131 d\u00fczenleyerek<\/strong> s\u00fcrd\u00fcr\u00fclebilir bir i\u015f k\u00fclt\u00fcr\u00fc olu\u015fturuyoruz.<\/li><li><strong>\u00c7evre mevzuatlar\u0131na ve uluslararas\u0131 standartlara tam uyum sa\u011flayarak<\/strong>, \u00e7evresel etkileri s\u00fcrekli izliyor ve iyile\u015ftirme \u00e7al\u0131\u015fmalar\u0131n\u0131 s\u00fcrd\u00fcr\u00fcyoruz.<\/li><\/ul><p>ML Petrokimya, \u00e7evreye duyarl\u0131 \u00fcretim politikas\u0131 ile gelecek nesillere daha ya\u015fanabilir bir d\u00fcnya b\u0131rakmay\u0131 ama\u00e7lamakta ve s\u00fcrd\u00fcr\u00fclebilir kalk\u0131nmaya katk\u0131 sa\u011flamaya devam etmektedir.<\/p>\t\t\t\t\t\t\t\t<\/div>\n\t\t\t\t<\/div>\n\t\t\t\t<div class=\"elementor-element elementor-element-f84efc2 elementor-widget elementor-widget-image\" data-id=\"f84efc2\" data-element_type=\"widget\" data-widget_type=\"image.default\">\n\t\t\t\t<div class=\"elementor-widget-container\">\n\t\t\t\t\t\t\t\t\t\t\t\t\t\t\t<img fetchpriority=\"high\" decoding=\"async\" width=\"1000\" height=\"561\" src=\"https:\/\/mlpetrokimya.com\/wp-content\/uploads\/2025\/02\/410dcfc8e8.jpg\" class=\"attachment-large size-large wp-image-4756\" alt=\"\" srcset=\"https:\/\/mlpetrokimya.com\/wp-content\/uploads\/2025\/02\/410dcfc8e8.jpg 1000w, https:\/\/mlpetrokimya.com\/wp-content\/uploads\/2025\/02\/410dcfc8e8-300x168.jpg 300w, https:\/\/mlpetrokimya.com\/wp-content\/uploads\/2025\/02\/410dcfc8e8-768x431.jpg 768w\" sizes=\"(max-width: 1000px) 100vw, 1000px\" \/>\t\t\t\t\t\t\t\t\t\t\t\t\t\t\t<\/div>\n\t\t\t\t<\/div>\n\t\t\t\t\t<\/div>\n\t\t<\/div>\n\t\t\t\t\t<\/div>\n\t\t<\/section>\n\t\t\t\t<\/div>\n\t\t","protected":false},"excerpt":{"rendered":"<p>\u00c7evre Politikam\u0131z ML Petrokimya Ltd. \u015eti. olarak, s\u00fcrd\u00fcr\u00fclebilirlik ilkesini temel alarak \u00e7evre dostu \u00fcretim anlay\u0131\u015f\u0131n\u0131 benimsemekteyiz. \u00c7evresel sorumluluk bilinciyle hareket ederek, do\u011fal kaynaklar\u0131 verimli kullanmay\u0131, ekolojik dengeyi korumay\u0131 ve \u00e7evresel etkileri en aza indiren \u00fcretim s\u00fcre\u00e7leri geli\u015ftirmeyi taahh\u00fct etmekteyiz. Bu do\u011frultuda; Enerji ve do\u011fal kaynaklar\u0131 verimli kullanarak \u00e7evresel s\u00fcrd\u00fcr\u00fclebilirli\u011fi destekliyoruz. At\u0131k y\u00f6netimi ve geri d\u00f6n\u00fc\u015f\u00fcm&hellip;<\/p>\n","protected":false},"author":1,"featured_media":0,"parent":0,"menu_order":0,"comment_status":"closed","ping_status":"closed","template":"","meta":{"footnotes":""},"class_list":["post-4730","page","type-page","status-publish","hentry"],"_links":{"self":[{"href":"https:\/\/mlpetrokimya.com\/index.php\/wp-json\/wp\/v2\/pages\/4730","targetHints":{"allow":["GET"]}}],"collection":[{"href":"https:\/\/mlpetrokimya.com\/index.php\/wp-json\/wp\/v2\/pages"}],"about":[{"href":"https:\/\/mlpetrokimya.com\/index.php\/wp-json\/wp\/v2\/types\/page"}],"author":[{"embeddable":true,"href":"https:\/\/mlpetrokimya.com\/index.php\/wp-json\/wp\/v2\/users\/1"}],"replies":[{"embeddable":true,"href":"https:\/\/mlpetrokimya.com\/index.php\/wp-json\/wp\/v2\/comments?post=4730"}],"version-history":[{"count":4,"href":"https:\/\/mlpetrokimya.com\/index.php\/wp-json\/wp\/v2\/pages\/4730\/revisions"}],"predecessor-version":[{"id":4771,"href":"https:\/\/mlpetrokimya.com\/index.php\/wp-json\/wp\/v2\/pages\/4730\/revisions\/4771"}],"wp:attachment":[{"href":"https:\/\/mlpetrokimya.com\/index.php\/wp-json\/wp\/v2\/media?parent=4730"}],"curies":[{"name":"wp","href":"https:\/\/api.w.org\/{rel}","templated":true}]}}